{"id":424,"date":"2022-10-24T01:33:44","date_gmt":"2022-10-23T22:33:44","guid":{"rendered":"https:\/\/seapearlalanya.com\/?page_id=424"},"modified":"2022-12-15T19:27:55","modified_gmt":"2022-12-15T16:27:55","slug":"hakkimizda","status":"publish","type":"page","link":"https:\/\/seapearlalanya.com\/index.php\/hakkimizda\/","title":{"rendered":"HAKKIMIZDA"},"content":{"rendered":"\t\t<div data-elementor-type=\"wp-page\" data-elementor-id=\"424\" class=\"elementor elementor-424\">\n\t\t\t\t\t\t\t\t\t<section class=\"elementor-section elementor-top-section elementor-element elementor-element-795b83e elementor-section-boxed elementor-section-height-default elementor-section-height-default elementor-invisible\" data-id=\"795b83e\" data-element_type=\"section\" data-settings=\"{&quot;jet_parallax_layout_list&quot;:[],&quot;animation&quot;:&quot;fadeInLeft&quot;}\">\n\t\t\t\t\t\t<div class=\"elementor-container elementor-column-gap-default\">\n\t\t\t\t\t<div class=\"elementor-column elementor-col-100 elementor-top-column elementor-element elementor-element-505aabb\" data-id=\"505aabb\" data-element_type=\"column\">\n\t\t\t<div class=\"elementor-widget-wrap elementor-element-populated\">\n\t\t\t\t\t\t\t\t<div class=\"jupiter-tooltip-widget elementor-element elementor-element-72c1f8d elementor-widget elementor-widget-heading\" data-jupiter-tooltip-settings=\"{&quot;tooltip&quot;:&quot;false&quot;,&quot;tooltipDescription&quot;:&quot;This is Tooltip!&quot;,&quot;tooltipPlacement&quot;:&quot;top&quot;,&quot;tooltipArrow&quot;:true,&quot;xOffset&quot;:0,&quot;yOffset&quot;:0,&quot;tooltipAnimation&quot;:&quot;fade&quot;,&quot;tooltipTrigger&quot;:&quot;mouseenter&quot;,&quot;zIndex&quot;:999,&quot;customSelector&quot;:&quot;&quot;,&quot;delay&quot;:0}\" data-id=\"72c1f8d\" data-element_type=\"widget\" data-widget_type=\"heading.default\">\n\t\t\t\t<div class=\"elementor-widget-container\">\n\t\t\t<style>\/*! elementor - v3.7.8 - 02-10-2022 *\/\n.elementor-heading-title{padding:0;margin:0;line-height:1}.elementor-widget-heading .elementor-heading-title[class*=elementor-size-]>a{color:inherit;font-size:inherit;line-height:inherit}.elementor-widget-heading .elementor-heading-title.elementor-size-small{font-size:15px}.elementor-widget-heading .elementor-heading-title.elementor-size-medium{font-size:19px}.elementor-widget-heading .elementor-heading-title.elementor-size-large{font-size:29px}.elementor-widget-heading .elementor-heading-title.elementor-size-xl{font-size:39px}.elementor-widget-heading .elementor-heading-title.elementor-size-xxl{font-size:59px}<\/style><h2 class=\"elementor-heading-title elementor-size-default\">Hakk\u0131m\u0131zda<\/h2>\t\t<\/div>\n\t\t\t\t<\/div>\n\t\t\t\t\t<\/div>\n\t\t<\/div>\n\t\t\t\t\t\t\t<\/div>\n\t\t<\/section>\n\t\t\t\t<section class=\"elementor-section elementor-top-section elementor-element elementor-element-9e7f6c6 elementor-section-boxed elementor-section-height-default elementor-section-height-default elementor-invisible\" data-id=\"9e7f6c6\" data-element_type=\"section\" data-settings=\"{&quot;jet_parallax_layout_list&quot;:[],&quot;animation&quot;:&quot;fadeInRight&quot;}\">\n\t\t\t\t\t\t<div class=\"elementor-container elementor-column-gap-default\">\n\t\t\t\t\t<div class=\"elementor-column elementor-col-100 elementor-top-column elementor-element elementor-element-6217d71\" data-id=\"6217d71\" data-element_type=\"column\">\n\t\t\t<div class=\"elementor-widget-wrap elementor-element-populated\">\n\t\t\t\t\t\t\t\t<div class=\"jupiter-tooltip-widget elementor-element elementor-element-94cde76 elementor-widget elementor-widget-text-editor\" data-jupiter-tooltip-settings=\"{&quot;tooltip&quot;:&quot;false&quot;,&quot;tooltipDescription&quot;:&quot;This is Tooltip!&quot;,&quot;tooltipPlacement&quot;:&quot;top&quot;,&quot;tooltipArrow&quot;:true,&quot;xOffset&quot;:0,&quot;yOffset&quot;:0,&quot;tooltipAnimation&quot;:&quot;fade&quot;,&quot;tooltipTrigger&quot;:&quot;mouseenter&quot;,&quot;zIndex&quot;:999,&quot;customSelector&quot;:&quot;&quot;,&quot;delay&quot;:0}\" data-id=\"94cde76\" data-element_type=\"widget\" data-widget_type=\"text-editor.default\">\n\t\t\t\t<div class=\"elementor-widget-container\">\n\t\t\t<style>\/*! elementor - v3.7.8 - 02-10-2022 *\/\n.elementor-widget-text-editor.elementor-drop-cap-view-stacked .elementor-drop-cap{background-color:#818a91;color:#fff}.elementor-widget-text-editor.elementor-drop-cap-view-framed .elementor-drop-cap{color:#818a91;border:3px solid;background-color:transparent}.elementor-widget-text-editor:not(.elementor-drop-cap-view-default) .elementor-drop-cap{margin-top:8px}.elementor-widget-text-editor:not(.elementor-drop-cap-view-default) .elementor-drop-cap-letter{width:1em;height:1em}.elementor-widget-text-editor .elementor-drop-cap{float:left;text-align:center;line-height:1;font-size:50px}.elementor-widget-text-editor .elementor-drop-cap-letter{display:inline-block}<\/style>\t\t\t\t<p><strong>HAKKIMIZDA;<\/strong><\/p><p><strong>Y\u00fcksek profilli profesyonel uzmanl\u0131k, birikmi\u015f deneyim, Avrupa kalite standartlar\u0131n\u0131 kar\u015f\u0131layan y\u00fcksek kaliteli ve modern teknolojilerin kullan\u0131m\u0131, SEA PEARL CONSTRUCTION in\u015faat projelerinin profesyonel ve mimari \u00e7evrede tan\u0131nmas\u0131n\u0131 sa\u011flam\u0131\u015ft\u0131r. T\u00fcm projeler y\u00fcksek kalite standartlar\u0131yla y\u00fcr\u00fct\u00fclmekte, etkileyici g\u00f6r\u00fcn\u00fcmleri ile b\u00fcy\u00fclemekte ve\u00a0 s\u0131ra d\u0131\u015f\u0131 ayn\u0131 zamanda modern tasar\u0131m sunmaktad\u0131r.<\/strong><\/p><p><strong>Sea Pearl Construction;\u00a0 2017 y\u0131l\u0131nda sekt\u00f6rdeki\u00a0 deneyimli\u00a0 partnerlerin bir araya gelmesiyle kurulan bir firmad\u0131r. Akdeniz Al\u00fcminyum Metal San. Tic.\u015eti, Hasan \u00d6ZDEM\u0130R ve Avc\u0131o\u011flu Havaland\u0131rma Sistemleri A.\u015e\u00a0 ortakl\u0131\u011f\u0131nda faaliyet g\u00f6steren Sea Pearl Construction; gen\u00e7, yenilik\u00e7i, teknolojik geli\u015fmeleri yak\u0131ndan takip eden, y\u00fcksek kalite standartlar\u0131n\u0131 benimsemi\u015f ve sekt\u00f6rde k\u0131sa s\u00fcre i\u00e7erisinde kazand\u0131\u011f\u0131 itibar ile sekt\u00f6rde\u00a0 tan\u0131nm\u0131\u015ft\u0131r.<\/strong><\/p><p><strong>SEA PEARL in\u015faatlar\u0131n\u0131 kredi \u00e7ekmeden veya bor\u00e7lanmadan in\u015fas\u0131n\u0131 sa\u011flamak i\u00e7in kendi finansal kaynaklar\u0131na sahiptir. \u015eirketin altyap\u0131s\u0131, arsan\u0131n ilk analizinden ve pazarlama ara\u015ft\u0131rmas\u0131ndan in\u015fa edilen tesisin i\u015fletmeye al\u0131nmas\u0131na, i\u00e7 tasar\u0131m ve bina y\u00f6netimine kadar tam bir \u00e7al\u0131\u015fma d\u00f6ng\u00fcs\u00fc y\u00fcr\u00fct\u00fcr. \u015eirket, in\u015fa edilmi\u015f t\u00fcm tesisleri ba\u011f\u0131ms\u0131z olarak y\u00f6netir ve bak\u0131m\u0131n\u0131 yapar.<\/strong><\/p><p><strong>SEA PEARL CONSTRUCTION sat\u0131\u015f ekibi \u0130ngilizce, Bo\u015fnak\u00e7a, Almanca, T\u00fcrk\u00e7e, Rus\u00e7a, Ukraynaca, Arap\u00e7a, Fars\u00e7a bilmektedir. \u015eirketimizin uzmanlar\u0131, s\u00f6zle\u015fmenin yetkin bir \u015fekilde haz\u0131rlanmas\u0131n\u0131 ve i\u015flemin \u015feffafl\u0131\u011f\u0131n\u0131 sa\u011flayacak, kay\u0131t olduktan sonra T\u00fcrkiye\u2019de rahat bir konaklama ve dinlenme i\u00e7in yerel h\u00fck\u00fcmet yetkilileri ile gerekli t\u00fcm formaliteleri yerine getirmenize yard\u0131mc\u0131 olacakt\u0131r.<\/strong><\/p><p><strong>Bug\u00fcn \u015firketimiz hakl\u0131 olarak istikrarl\u0131 ve g\u00fcvenilir bir i\u015f orta\u011f\u0131 itibar\u0131na sahiptir. Bu, daha fazla geli\u015fme potansiyeli sa\u011flar ve gelece\u011fe g\u00fcvenle bakman\u0131z\u0131 sa\u011flar.<\/strong><\/p><p><strong>Her g\u00fcn en son geli\u015fmelerden ve haberlerden haberdar olmaya \u00e7al\u0131\u015f\u0131yoruz, T\u00fcrk mevzuat\u0131ndaki t\u00fcm g\u00fcncel de\u011fi\u015fiklikleri ve emlak piyasas\u0131ndaki trendleri takip etmemizi sa\u011flayan yabanc\u0131 gayrimenkul fuarlar\u0131na ve tematik seminerlere kat\u0131l\u0131yoruz.<\/strong><\/p><p><strong>\u015eirket, verilen hizmetlerin ve gayrimenkul in\u015faat\u0131nda yap\u0131lan \u00e7al\u0131\u015fmalar\u0131n y\u00fcksek kalite standartlar\u0131n\u0131 kan\u0131tlayan ISO 9001 kalite standard\u0131na sahiptir.<\/strong><\/p><p><strong>\u015eirketimiz, ge\u00e7mi\u015fte edindi\u011fi tecr\u00fcbe ve bilgi donan\u0131m\u0131n\u0131 y\u00fcr\u00fctt\u00fc\u011f\u00fc projelere yans\u0131tmakta ve T\u00fcrkiye\u2019deki en karma\u015f\u0131k ve ikonik nesnelerin, \u00e7ok i\u015flevli komplekslerin, konut ve ticari gayrimenkullerin yap\u0131m\u0131nda uzmanla\u015fm\u0131\u015ft\u0131r.<\/strong><\/p><p><strong>Yapt\u0131\u011f\u0131m\u0131z i\u015fin temelinin kalite ve m\u00fckemmellik oldu\u011funu \u015firketimiz ad\u0131na gururla beyan ediyor, ve G\u00dcVENL\u0130R B\u0130R GELECEK \u0130N\u015eA ED\u0130YORUZ.<\/strong><\/p><p><strong>Misyonumuz;<\/strong><\/p><p><strong>Sea pearl construction olarak misynumuz;\u00a0 G\u00fcvenilir bir gayrimenkul geli\u015ftiricisi olmak maksad\u0131yla, m\u00fc\u015fterilerimize yenilikleri ve kaliteyi en iyi \u015fekilde, en iyi \u015fartlarda ve en k\u0131sa zamanda temin ederek memnuniyeti sa\u011flamakt\u0131r.<\/strong><\/p><p><strong>Y\u00fcksek Kaliteli tasar\u0131mlar\u0131 ula\u015f\u0131labilir fiyatlarla sunmak, m\u00fc\u015fterilerimizin beklentilerine en uygun \u00e7\u00f6z\u00fcmleri \u00fcreterek memnuniyetlerini en \u00fcst seviyede tutmak, taahh\u00fcd\u00fcm\u00fcz alt\u0131nda olan proje teslimlerini zaman\u0131nda ve standartlara uygun tamamlamak, tedarik\u00e7ileri kalite sisteminin b\u00fct\u00fcn\u00fc i\u00e7erisinde de\u011ferlendirip hep birlikte s\u00fcrekli iyile\u015ftirmeyi ama\u00e7lamak, teknolojik geli\u015fmeleri takip etmek ve uygulamak, i\u015f g\u00fcvenli\u011fi konusunu birinci dereceden \u00f6nemli k\u0131lmak ve geli\u015ftirmek, m\u00fcmk\u00fcn oldu\u011fu \u00f6l\u00e7\u00fcde \u00e7evre dostu yap\u0131 malzemelerini kullanmak, uygulamak ve \u00e7evreye sayg\u0131l\u0131 olmak misyonumuzdur.<\/strong><\/p><p><strong>\u00c7evreye sayg\u0131l\u0131, m\u00fc\u015fterisini ve \u00e7al\u0131\u015fan\u0131n\u0131 memnun eden, toplumun gayrimenkul ihtiya\u00e7lar\u0131n\u0131, do\u011fru projelerle, kurum ve toplum a\u00e7\u0131s\u0131ndan karl\u0131 yat\u0131r\u0131mlara d\u00f6n\u00fc\u015ft\u00fcrmeyi hedeflemektedir.<\/strong><\/p><p><strong>En iyi kullan\u0131m modelini geli\u015ftirip, en ileri in\u015faat teknolojilerini kullanarak, estetik ve fonksiyonel a\u00e7\u0131dan iz b\u0131rakacak gayrimenkul projelerini olu\u015fturmakt\u0131r.<\/strong><\/p><p><strong>Vizyonumuz;<\/strong><\/p><p><strong>&#8211; M\u00fc\u015fteri ve \u00e7al\u0131\u015fanlar\u0131na art\u0131 de\u011fer sa\u011flayan, kaliteli \u00fcr\u00fcn ve hizmetleri ile geni\u015f kitlelere eri\u015fen, toplumsal sorumlulu\u011funun bilincinde, de\u011ferlerine sad\u0131k, g\u00fcvenilirli\u011fi, kalite y\u00f6netimi, \u00fcr\u00fcn ve hizmet \u00e7e\u015fitlili\u011finde \u00f6nc\u00fcl\u00fc\u011f\u00fc, uzman personeli ve m\u00fc\u015fteri odakl\u0131 hizmet anlay\u0131\u015f\u0131yla ilk akla gelen ve tercih edilen kurum olmak.<\/strong><\/p><p><strong>&#8211; Ge\u00e7mi\u015fimizden ald\u0131\u011f\u0131m\u0131z miras\u0131m\u0131z\u0131, bilgi ve deneyimimizi, g\u00fc\u00e7l\u00fc i\u015fbirlikleri, nitelikli insan kaynaklar\u0131 ve yenilik\u00e7i yakla\u015f\u0131mlar ile birle\u015ftirmek.<\/strong><\/p><p><strong>&#8211; Genelde T\u00fcrkiye, \u00f6zelde Alanya\u2019da g\u00fcvenilir yap\u0131lar olu\u015fturan ve kaliteli ya\u015fam alanlar\u0131 geli\u015ftiren \u015firketlerden biri olmak.<\/strong><\/p><p><strong>&#8211; De\u011fi\u015fen m\u00fc\u015fteri beklentilerine h\u0131zl\u0131 bir \u015fekilde cevap verebilmek i\u00e7in s\u00fcrekli iyile\u015ftirme faaliyetlerini etkin olarak s\u00fcrd\u00fcrmek.<\/strong><\/p><p><strong>&#8211; Kaliteli hizmet sunmak amac\u0131yla her zaman sekt\u00f6rel alandaki teknolojileri yak\u0131ndan takip etmek.<\/strong><\/p>\t\t\t\t\t\t<\/div>\n\t\t\t\t<\/div>\n\t\t\t\t\t<\/div>\n\t\t<\/div>\n\t\t\t\t\t\t\t<\/div>\n\t\t<\/section>\n\t\t\t\t<section class=\"elementor-section elementor-top-section elementor-element elementor-element-b80e4f0 elementor-section-boxed elementor-section-height-default elementor-section-height-default elementor-invisible\" data-id=\"b80e4f0\" data-element_type=\"section\" data-settings=\"{&quot;jet_parallax_layout_list&quot;:[],&quot;animation&quot;:&quot;fadeInUp&quot;}\">\n\t\t\t\t\t\t<div class=\"elementor-container elementor-column-gap-default\">\n\t\t\t\t\t<div class=\"elementor-column elementor-col-100 elementor-top-column elementor-element elementor-element-e0cc7b9\" data-id=\"e0cc7b9\" data-element_type=\"column\">\n\t\t\t<div class=\"elementor-widget-wrap elementor-element-populated\">\n\t\t\t\t\t\t\t\t<div class=\"jupiter-tooltip-widget elementor-element elementor-element-780892b elementor-widget elementor-widget-raven-site-logo\" data-jupiter-tooltip-settings=\"{&quot;tooltip&quot;:&quot;false&quot;,&quot;tooltipDescription&quot;:&quot;This is Tooltip!&quot;,&quot;tooltipPlacement&quot;:&quot;top&quot;,&quot;tooltipArrow&quot;:true,&quot;xOffset&quot;:0,&quot;yOffset&quot;:0,&quot;tooltipAnimation&quot;:&quot;fade&quot;,&quot;tooltipTrigger&quot;:&quot;mouseenter&quot;,&quot;zIndex&quot;:999,&quot;customSelector&quot;:&quot;&quot;,&quot;delay&quot;:0}\" data-id=\"780892b\" data-element_type=\"widget\" data-widget_type=\"raven-site-logo.default\">\n\t\t\t\t<div class=\"elementor-widget-container\">\n\t\t\t\t\t<div class=\"raven-widget-wrapper\">\n\t\t\t<div class=\"raven-site-logo\">\n\t\t\t\t\t\t\t\t\t<a class=\"raven-site-logo-link\" href=\"https:\/\/seapearlalanya.com\">\n\t\t\t\t\t\t\t\t<picture><img alt=\"Sea Pearl Alanya\" data-no-lazy=\"1\" src=' https:\/\/seapearlalanya.com\/wp-content\/uploads\/2020\/06\/sea-pearl-1.png '><\/picture>\t\t\t\t\t\t\t\t\t<\/a>\n\t\t\t\t\t\t\t<\/div>\n\t\t<\/div>\n\t\t\t\t<\/div>\n\t\t\t\t<\/div>\n\t\t\t\t\t<\/div>\n\t\t<\/div>\n\t\t\t\t\t\t\t<\/div>\n\t\t<\/section>\n\t\t\t\t\t\t\t<\/div>\n\t\t","protected":false},"excerpt":{"rendered":"<p>Hakk\u0131m\u0131zda HAKKIMIZDA; Y\u00fcksek profilli profesyonel uzmanl\u0131k, birikmi\u015f deneyim, Avrupa kalite standartlar\u0131n\u0131 kar\u015f\u0131layan y\u00fcksek kaliteli ve modern teknolojilerin kullan\u0131m\u0131, SEA PEARL CONSTRUCTION in\u015faat projelerinin profesyonel ve mimari \u00e7evrede tan\u0131nmas\u0131n\u0131 sa\u011flam\u0131\u015ft\u0131r. T\u00fcm projeler y\u00fcksek kalite standartlar\u0131yla y\u00fcr\u00fct\u00fclmekte, etkileyici g\u00f6r\u00fcn\u00fcmleri ile b\u00fcy\u00fclemekte ve\u00a0 s\u0131ra d\u0131\u015f\u0131 ayn\u0131 zamanda modern tasar\u0131m sunmaktad\u0131r. Sea Pearl Construction;\u00a0 2017 y\u0131l\u0131nda sekt\u00f6rdeki\u00a0 deneyimli\u00a0 partnerlerin [&hellip;]<\/p>\n","protected":false},"author":1,"featured_media":0,"parent":0,"menu_order":0,"comment_status":"closed","ping_status":"closed","template":"","meta":{"footnotes":""},"class_list":["post-424","page","type-page","status-publish","hentry"],"acf":[],"_links":{"self":[{"href":"https:\/\/seapearlalanya.com\/index.php\/wp-json\/wp\/v2\/pages\/424","targetHints":{"allow":["GET"]}}],"collection":[{"href":"https:\/\/seapearlalanya.com\/index.php\/wp-json\/wp\/v2\/pages"}],"about":[{"href":"https:\/\/seapearlalanya.com\/index.php\/wp-json\/wp\/v2\/types\/page"}],"author":[{"embeddable":true,"href":"https:\/\/seapearlalanya.com\/index.php\/wp-json\/wp\/v2\/users\/1"}],"replies":[{"embeddable":true,"href":"https:\/\/seapearlalanya.com\/index.php\/wp-json\/wp\/v2\/comments?post=424"}],"version-history":[{"count":10,"href":"https:\/\/seapearlalanya.com\/index.php\/wp-json\/wp\/v2\/pages\/424\/revisions"}],"predecessor-version":[{"id":924,"href":"https:\/\/seapearlalanya.com\/index.php\/wp-json\/wp\/v2\/pages\/424\/revisions\/924"}],"wp:attachment":[{"href":"https:\/\/seapearlalanya.com\/index.php\/wp-json\/wp\/v2\/media?parent=424"}],"curies":[{"name":"wp","href":"https:\/\/api.w.org\/{rel}","templated":true}]}}